{"id":8,"date":"2022-04-13T09:02:54","date_gmt":"2022-04-13T09:02:54","guid":{"rendered":"http:\/\/oxoma.eu\/?page_id=8"},"modified":"2022-05-31T13:37:34","modified_gmt":"2022-05-31T13:37:34","slug":"home-page","status":"publish","type":"page","link":"https:\/\/oxoma.eu\/","title":{"rendered":"Home page"},"content":{"rendered":"\n<div class=\"wp-block-columns has-white-background-color has-background\">\n<div class=\"wp-block-column\" style=\"flex-basis:100%\">\n<div style=\"height:50px\" aria-hidden=\"true\" class=\"wp-block-spacer\"><\/div>\n\n\n\n<div class=\"wp-block-columns\">\n<div class=\"wp-block-column is-vertically-aligned-center\">\n<div class=\"wp-block-image\"><figure class=\"aligncenter size-full\"><img loading=\"lazy\" width=\"1000\" height=\"667\" src=\"https:\/\/oxoma.eu\/wp-content\/uploads\/2022\/05\/shutterstock_278507045.jpg\" alt=\"\" class=\"wp-image-160\" srcset=\"https:\/\/oxoma.eu\/wp-content\/uploads\/2022\/05\/shutterstock_278507045.jpg 1000w, https:\/\/oxoma.eu\/wp-content\/uploads\/2022\/05\/shutterstock_278507045-300x200.jpg 300w, https:\/\/oxoma.eu\/wp-content\/uploads\/2022\/05\/shutterstock_278507045-768x512.jpg 768w\" sizes=\"(max-width: 1000px) 100vw, 1000px\" \/><\/figure><\/div>\n<\/div>\n\n\n\n<div class=\"wp-block-column is-vertically-aligned-center\">\n<h2 class=\"has-text-align-center has-vivid-green-cyan-color has-text-color\" id=\"nasza-misja\">Nasza misja<\/h2>\n\n\n\n<p>Zachwyceni kultur\u0105 towarzysk\u0105, podej\u015bciem do relaksu, filozofi\u0105 ,,slow\u201d zapragn\u0119li\u015bmy stworzy\u0107 produkty, kt\u00f3re pomog\u0105&nbsp;poczu\u0107 ten klimat i na nowo nauczy\u0107 si\u0119 w czasach p\u0119du i pogoni tego, co w \u017cyciu jest najwa\u017cniejsze: rodzina, przyjaciele, odpoczynek, wewn\u0119trzny spok\u00f3j. Tak w\u0142a\u015bnie powsta\u0142a OXOMA .<\/p>\n\n\n\n<p>Bazuj\u0105c na &nbsp;czterech filarach, czterech najwa\u017cniejszych fundamentach:&nbsp;<strong>blisko\u015b\u0107, szcz\u0119\u015bcie, natura i funkcjonalno\u015b\u0107.&nbsp;<\/strong><\/p>\n<\/div>\n<\/div>\n<\/div>\n<\/div>\n\n\n\n<div style=\"height:50px\" aria-hidden=\"true\" class=\"wp-block-spacer\"><\/div>\n\n\n\n<div class=\"wp-block-cover is-light has-parallax\" style=\"background-image:url(https:\/\/oxoma.eu\/wp-content\/uploads\/2022\/05\/shutterstock_1014781147-scaled.jpg)\"><span aria-hidden=\"true\" class=\"has-background-dim-0 wp-block-cover__gradient-background has-background-dim\"><\/span><div class=\"wp-block-cover__inner-container\">\n<p class=\"has-large-font-size\"><\/p>\n<\/div><\/div>\n\n\n\n<div style=\"height:50px\" aria-hidden=\"true\" class=\"wp-block-spacer\"><\/div>\n\n\n\n<div class=\"wp-block-columns has-white-background-color has-background\" id=\"bliskosc\">\n<div class=\"wp-block-column is-vertically-aligned-center\">\n<h2 class=\"has-text-align-center has-vivid-green-cyan-color has-text-color\" id=\"o-nas\">Blisko\u015b\u0107<\/h2>\n\n\n\n<p><strong>Razem, wsp\u00f3lnie<\/strong>&nbsp;&#8211; te s\u0142owa coraz rzadziej wyst\u0119puj\u0105 w naszym potocznym s\u0142ownictwie. Zmieniamy spotkania w telefony, maile czy rozmowy na komunikatorach. Jednak przychodzi taki moment, kiedy zaczyna brakowa\u0107 innych ludzi &#8211; brak nam blisko\u015bci, towarzystwa.<\/p>\n\n\n\n<p>Chcemy to zmieni\u0107 razem z&nbsp;<strong>OXOMA<\/strong> Sprowokowa\u0107 do spotka\u0144, wsp\u00f3lnego sp\u0119dzania czasu. Wr\u00f3\u0107my do korzeni, wr\u00f3\u0107my do momentu kiedy technika nie go\u015bci\u0142a w ka\u017cdej chwili naszego \u017cycia.<\/p>\n\n\n\n<p>Zbierzcie rodzin\u0119, przyjaci\u00f3\u0142, znajomych, zr\u00f3bcie spotkanie, wsp\u00f3lnym posi\u0142kiem budujcie wi\u0119zi i relacje,&nbsp;<strong>budujcie wsp\u00f3lne wspomnienia<\/strong>!&nbsp;<\/p>\n<\/div>\n\n\n\n<div class=\"wp-block-column is-vertically-aligned-center\">\n<div class=\"wp-block-image\"><figure class=\"aligncenter size-full\"><img loading=\"lazy\" width=\"1000\" height=\"667\" src=\"https:\/\/oxoma.eu\/wp-content\/uploads\/2022\/05\/shutterstock_736181974.jpg\" alt=\"\" class=\"wp-image-161\" srcset=\"https:\/\/oxoma.eu\/wp-content\/uploads\/2022\/05\/shutterstock_736181974.jpg 1000w, https:\/\/oxoma.eu\/wp-content\/uploads\/2022\/05\/shutterstock_736181974-300x200.jpg 300w, https:\/\/oxoma.eu\/wp-content\/uploads\/2022\/05\/shutterstock_736181974-768x512.jpg 768w\" sizes=\"(max-width: 1000px) 100vw, 1000px\" \/><\/figure><\/div>\n<\/div>\n<\/div>\n\n\n\n<div class=\"wp-block-columns has-white-background-color has-background\" id=\"szczescie\">\n<div class=\"wp-block-column is-vertically-aligned-center\">\n<div class=\"wp-block-image\"><figure class=\"aligncenter size-full\"><img loading=\"lazy\" width=\"1000\" height=\"667\" src=\"https:\/\/oxoma.eu\/wp-content\/uploads\/2022\/05\/shutterstock_1197138397.jpg\" alt=\"\" class=\"wp-image-162\" srcset=\"https:\/\/oxoma.eu\/wp-content\/uploads\/2022\/05\/shutterstock_1197138397.jpg 1000w, https:\/\/oxoma.eu\/wp-content\/uploads\/2022\/05\/shutterstock_1197138397-300x200.jpg 300w, https:\/\/oxoma.eu\/wp-content\/uploads\/2022\/05\/shutterstock_1197138397-768x512.jpg 768w\" sizes=\"(max-width: 1000px) 100vw, 1000px\" \/><\/figure><\/div>\n<\/div>\n\n\n\n<div class=\"wp-block-column is-vertically-aligned-center\" id=\"szczescie\">\n<h2 class=\"has-text-align-center has-vivid-green-cyan-color has-text-color\" id=\"o-nas\">Szcz\u0119\u015bcie<\/h2>\n\n\n\n<p><strong>Szcz\u0119\u015bcie<\/strong>&nbsp;ka\u017cdy definiuje inaczej. Nie ma jednego opisu, ka\u017cdy widzi je na sw\u00f3j spos\u00f3b.&nbsp; My, produktami&nbsp;<strong>OXOMA <\/strong>chcemy dawa\u0107&nbsp; szcz\u0119\u015bcie.<\/p>\n\n\n\n<p>Ci\u0105gle goni\u0105c przez ca\u0142y dzie\u0144 oduczyli\u015bmy si\u0119 jak wypoczywa\u0107, , zrelaksowa\u0107 si\u0119, na\u0142adowa\u0107 akumulatory. Nie umiemy si\u0119 wy\u0142\u0105czy\u0107, przej\u015b\u0107 w tryb odpoczynku.&nbsp;<\/p>\n\n\n\n<p>Chcemy w\u0142a\u015bnie do tego Was sprowokowa\u0107. Do spojrzenia w g\u0142ab&nbsp;siebie, w swoje emocje.&nbsp;Zbierzcie rodzin\u0119, znajomych, przyjaci\u00f3\u0142, cieszcie si\u0119 pogod\u0105 i pysznym jedzeniem. Zauwa\u017ccie ma\u0142e rado\u015bci w codziennym \u017cyciu. Zacznijcie&nbsp;<strong>\u017cy\u0107 wolniej<\/strong>&nbsp;ale pe\u0142niej!&nbsp;<\/p>\n<\/div>\n<\/div>\n\n\n\n<div class=\"wp-block-columns has-white-background-color has-background\" id=\"natura\">\n<div class=\"wp-block-column is-vertically-aligned-center\">\n<h2 class=\"has-text-align-center has-vivid-green-cyan-color has-text-color\" id=\"o-nas\">Natura<\/h2>\n\n\n\n<p><strong>Przyroda<\/strong>&nbsp;daje energi\u0119, pomaga na\u0142adowa\u0107 akumulatory. Dlatego z<strong>&nbsp;OXOMA <\/strong>zach\u0119camy do wyj\u015bcia z domu, cho\u0107by do w\u0142asnego ogr\u00f3dka. Ka\u017cd\u0105 woln\u0105 chwil\u0119 sp\u0119dzajmy na \u015bwie\u017cym powietrzu &#8211; to nie tylko koi, regeneruje akumulatory ale i jest niewsp\u00f3\u0142miernie zdrowe!&nbsp;<\/p>\n\n\n\n<p>W&nbsp;<strong>OXOMA <\/strong>bardzo wa\u017cna jest<strong>&nbsp;\u015bwiadomo\u015b\u0107 ekologiczna<\/strong>., <strong>dbania o planet\u0119<\/strong> dlatego stworzyli\u015bmy mark\u0119 <a href=\"https:\/\/mixnclean.eu\/pl\/\">Mixnclean<\/a> . Dbamy o \u015brodowisko i nie ma lepszego sposobu, aby to pokaza\u0107, ni\u017c tworzenie produktu, kt\u00f3ry tworzy czyst\u0105 i lepsz\u0105 przysz\u0142o\u015b\u0107. U\u017cywaj\u0105c <a href=\"https:\/\/mixnclean.eu\/pl\/\">Mix 'n Clean<\/a>, pomo\u017cesz stworzy\u0107 lepsz\u0105 przysz\u0142o\u015b\u0107. Ekologiczne sprz\u0105tanie jest ca\u0142kowicie w Twoich r\u0119kach!<\/p>\n\n\n\n<p>Nie musisz ju\u017c kupowa\u0107 nowej plastikowej butelki za ka\u017cdym razem, gdy zabraknie Ci \u015brodk\u00f3w czyszcz\u0105cych. U\u017cywaj\u0105c ponownie butelki ze spryskiwaczem, mo\u017cesz zaoszcz\u0119dzi\u0107 do 98% plastiku. Poniewa\u017c sam mieszasz produkt z kapsu\u0142kami uzupe\u0142niaj\u0105cymi, potrzebujemy mniej ci\u0119\u017car\u00f3wek na drogach.<\/p>\n\n\n\n<p>Gdy butelka jest pusta, po prostu wyjmij kapsu\u0142k\u0119 uzupe\u0142niaj\u0105c\u0105 i wyrzu\u0107 j\u0105 do kosza na surowce wt\u00f3rne. Nasze kapsu\u0142ki s\u0105 zabezpieczone przed dzie\u0107mi, dzi\u0119ki czemu mo\u017cesz bezpiecznie przechowywa\u0107 je w swoim domu.<\/p>\n\n\n\n<figure class=\"wp-block-embed is-type-wp-embed is-provider-mix-039-n-clean wp-block-embed-mix-039-n-clean\"><div class=\"wp-block-embed__wrapper\">\n<blockquote class=\"wp-embedded-content\" data-secret=\"jJkz3C6dfK\"><a href=\"https:\/\/mixnclean.eu\/pl\/\">Mix 'n Clean<\/a><\/blockquote><iframe class=\"wp-embedded-content\" sandbox=\"allow-scripts\" security=\"restricted\" style=\"position: absolute; clip: rect(1px, 1px, 1px, 1px);\" title=\"&#8222;Mix &#039;n Clean&#8221; &#8212; Mix &#039;n Clean\" src=\"https:\/\/mixnclean.eu\/pl\/embed\/#?secret=S1L3znECv0#?secret=jJkz3C6dfK\" data-secret=\"jJkz3C6dfK\" width=\"600\" height=\"338\" frameborder=\"0\" marginwidth=\"0\" marginheight=\"0\" scrolling=\"no\"><\/iframe>\n<\/div><\/figure>\n<\/div>\n\n\n\n<div class=\"wp-block-column is-vertically-aligned-center\">\n<div class=\"wp-block-image\"><figure class=\"aligncenter size-full\"><img loading=\"lazy\" width=\"1000\" height=\"667\" src=\"https:\/\/oxoma.eu\/wp-content\/uploads\/2022\/05\/shutterstock_1778237087.jpg\" alt=\"\" class=\"wp-image-163\" srcset=\"https:\/\/oxoma.eu\/wp-content\/uploads\/2022\/05\/shutterstock_1778237087.jpg 1000w, https:\/\/oxoma.eu\/wp-content\/uploads\/2022\/05\/shutterstock_1778237087-300x200.jpg 300w, https:\/\/oxoma.eu\/wp-content\/uploads\/2022\/05\/shutterstock_1778237087-768x512.jpg 768w\" sizes=\"(max-width: 1000px) 100vw, 1000px\" \/><\/figure><\/div>\n<\/div>\n<\/div>\n\n\n\n<div class=\"wp-block-columns has-white-background-color has-background\" id=\"funkcjonalnosc\">\n<div class=\"wp-block-column is-vertically-aligned-center\">\n<div class=\"wp-block-image\"><figure class=\"aligncenter size-full\"><img loading=\"lazy\" width=\"1024\" height=\"752\" src=\"https:\/\/oxoma.eu\/wp-content\/uploads\/2022\/05\/1111.jpg\" alt=\"\" class=\"wp-image-151\" srcset=\"https:\/\/oxoma.eu\/wp-content\/uploads\/2022\/05\/1111.jpg 1024w, https:\/\/oxoma.eu\/wp-content\/uploads\/2022\/05\/1111-300x220.jpg 300w, https:\/\/oxoma.eu\/wp-content\/uploads\/2022\/05\/1111-768x564.jpg 768w\" sizes=\"(max-width: 1024px) 100vw, 1024px\" \/><\/figure><\/div>\n<\/div>\n\n\n\n<div class=\"wp-block-column is-vertically-aligned-center\">\n<h2 class=\"has-text-align-center has-vivid-green-cyan-color has-text-color\" id=\"o-nas\">Funkcjonalno\u015b\u0107<\/h2>\n\n\n\n<p>W&nbsp;OXOMA wiemy, \u017ce liczy si\u0119 funkcjonalno\u015b\u0107. W duchu filozofii &#8222;slow&#8221; stawiamy na jak najmniejsz\u0105 ilo\u015b\u0107 otaczaj\u0105cych nas przedmiot\u00f3w przy jak najwi\u0119kszym spektrum wykorzystania tych co mamy..&nbsp;Nasze produkty b\u0119d\u0105&nbsp;unikaln\u0105 ozdob\u0105&nbsp;Waszych ogrod\u00f3w.&nbsp;\u017bycie jest za kr\u00f3tkie, by otacza\u0107 si\u0119 rzeczami bez wyrazu<\/p>\n<\/div>\n<\/div>\n\n\n\n<div style=\"height:50px\" aria-hidden=\"true\" class=\"wp-block-spacer\"><\/div>\n\n\n\n<div class=\"wp-block-cover is-light has-parallax\" style=\"background-image:url(https:\/\/oxoma.eu\/wp-content\/uploads\/2022\/05\/shutterstock_481964947-scaled.jpg)\"><span aria-hidden=\"true\" class=\"has-background-dim-0 wp-block-cover__gradient-background has-background-dim\"><\/span><div class=\"wp-block-cover__inner-container\">\n<p class=\"has-large-font-size\"><\/p>\n<\/div><\/div>\n\n\n\n<div style=\"height:50px\" aria-hidden=\"true\" class=\"wp-block-spacer\"><\/div>\n\n\n\n<div style=\"height:50px\" aria-hidden=\"true\" class=\"wp-block-spacer\"><\/div>\n\n\n\n<div style=\"height:25px\" aria-hidden=\"true\" class=\"wp-block-spacer\"><\/div>\n\n\n\n<h2 class=\"has-text-align-center has-vivid-green-cyan-color has-text-color\" id=\"klienci\">Klienci<\/h2>\n\n\n\n<div style=\"height:50px\" aria-hidden=\"true\" class=\"wp-block-spacer\"><\/div>\n\n\n\n<div class=\"wp-block-columns container\">\n<div class=\"wp-block-column is-vertically-aligned-center\">\n<div class=\"wp-block-image\"><figure class=\"aligncenter size-full\"><a href=\"https:\/\/tendom.pl\/\"><img loading=\"lazy\" width=\"203\" height=\"35\" src=\"https:\/\/oxoma.eu\/wp-content\/uploads\/2022\/05\/logo_tendom.png\" alt=\"\" class=\"wp-image-131\"\/><\/a><\/figure><\/div>\n<\/div>\n\n\n\n<div class=\"wp-block-column is-vertically-aligned-center\">\n<div class=\"wp-block-image\"><figure class=\"aligncenter size-large is-resized\"><a href=\"https:\/\/www.brw.pl\/\"><img src=\"https:\/\/oxoma.eu\/wp-content\/uploads\/2022\/05\/brw_logo-1024x131.png\" alt=\"\" class=\"wp-image-132\" width=\"200\" srcset=\"https:\/\/oxoma.eu\/wp-content\/uploads\/2022\/05\/brw_logo-1024x131.png 1024w, https:\/\/oxoma.eu\/wp-content\/uploads\/2022\/05\/brw_logo-300x38.png 300w, https:\/\/oxoma.eu\/wp-content\/uploads\/2022\/05\/brw_logo-768x98.png 768w, https:\/\/oxoma.eu\/wp-content\/uploads\/2022\/05\/brw_logo.png 1322w\" sizes=\"(max-width: 1024px) 100vw, 1024px\" \/><\/a><\/figure><\/div>\n<\/div>\n<\/div>\n\n\n\n<div style=\"height:50px\" aria-hidden=\"true\" class=\"wp-block-spacer\"><\/div>\n\n\n\n<div class=\"wp-block-cover is-light has-parallax\" style=\"background-image:url(https:\/\/oxoma.eu\/wp-content\/uploads\/2022\/05\/shutterstock_301627094-scaled.jpg)\"><span aria-hidden=\"true\" class=\"has-background-dim-0 wp-block-cover__gradient-background has-background-dim\"><\/span><div class=\"wp-block-cover__inner-container\">\n<p><\/p>\n<\/div><\/div>\n\n\n\n<div style=\"height:50px\" aria-hidden=\"true\" class=\"wp-block-spacer\"><\/div>\n\n\n\n<h2 class=\"has-text-align-center has-vivid-green-cyan-color has-text-color\" id=\"galeria\">Galeria<\/h2>\n\n\n\n<div class=\"wp-container-1 wp-block-group container galeria-ox\"><div class=\"wp-block-group__inner-container\">\n<figure class=\"wp-block-gallery has-nested-images columns-3 is-cropped uag-masonry uagb-block-90334121\">\n<figure class=\"wp-block-image size-large\"><img loading=\"lazy\" width=\"1024\" height=\"1022\" src=\"https:\/\/oxoma.eu\/wp-content\/uploads\/2022\/05\/shutterstock_481964947-edited-1024x1022.jpg\" alt=\"\" class=\"wp-image-111\" srcset=\"https:\/\/oxoma.eu\/wp-content\/uploads\/2022\/05\/shutterstock_481964947-edited-1024x1022.jpg 1024w, https:\/\/oxoma.eu\/wp-content\/uploads\/2022\/05\/shutterstock_481964947-edited-300x300.jpg 300w, https:\/\/oxoma.eu\/wp-content\/uploads\/2022\/05\/shutterstock_481964947-edited-150x150.jpg 150w, https:\/\/oxoma.eu\/wp-content\/uploads\/2022\/05\/shutterstock_481964947-edited-768x766.jpg 768w, https:\/\/oxoma.eu\/wp-content\/uploads\/2022\/05\/shutterstock_481964947-edited-1536x1533.jpg 1536w, https:\/\/oxoma.eu\/wp-content\/uploads\/2022\/05\/shutterstock_481964947-edited.jpg 1913w\" sizes=\"(max-width: 1024px) 100vw, 1024px\" \/><\/figure>\n\n\n\n<figure class=\"wp-block-image size-large\"><img loading=\"lazy\" width=\"1024\" height=\"683\" src=\"https:\/\/oxoma.eu\/wp-content\/uploads\/2022\/05\/shutterstock_1555695473-1024x683.jpg\" alt=\"\" class=\"wp-image-100\" srcset=\"https:\/\/oxoma.eu\/wp-content\/uploads\/2022\/05\/shutterstock_1555695473-1024x683.jpg 1024w, https:\/\/oxoma.eu\/wp-content\/uploads\/2022\/05\/shutterstock_1555695473-300x200.jpg 300w, https:\/\/oxoma.eu\/wp-content\/uploads\/2022\/05\/shutterstock_1555695473-768x512.jpg 768w, https:\/\/oxoma.eu\/wp-content\/uploads\/2022\/05\/shutterstock_1555695473-1536x1024.jpg 1536w\" sizes=\"(max-width: 1024px) 100vw, 1024px\" \/><\/figure>\n\n\n\n<figure class=\"wp-block-image size-large\"><img loading=\"lazy\" width=\"1024\" height=\"341\" src=\"https:\/\/oxoma.eu\/wp-content\/uploads\/2022\/05\/shutterstock_1014781147-1024x341.jpg\" alt=\"\" class=\"wp-image-98\" srcset=\"https:\/\/oxoma.eu\/wp-content\/uploads\/2022\/05\/shutterstock_1014781147-1024x341.jpg 1024w, https:\/\/oxoma.eu\/wp-content\/uploads\/2022\/05\/shutterstock_1014781147-300x100.jpg 300w, https:\/\/oxoma.eu\/wp-content\/uploads\/2022\/05\/shutterstock_1014781147-768x256.jpg 768w, https:\/\/oxoma.eu\/wp-content\/uploads\/2022\/05\/shutterstock_1014781147-1536x512.jpg 1536w, https:\/\/oxoma.eu\/wp-content\/uploads\/2022\/05\/shutterstock_1014781147-2048x683.jpg 2048w\" sizes=\"(max-width: 1024px) 100vw, 1024px\" \/><\/figure>\n\n\n\n<figure class=\"wp-block-image size-large\"><img loading=\"lazy\" width=\"1024\" height=\"341\" src=\"https:\/\/oxoma.eu\/wp-content\/uploads\/2022\/05\/shutterstock_481964947-1024x341.jpg\" alt=\"\" class=\"wp-image-96\" srcset=\"https:\/\/oxoma.eu\/wp-content\/uploads\/2022\/05\/shutterstock_481964947-1024x341.jpg 1024w, https:\/\/oxoma.eu\/wp-content\/uploads\/2022\/05\/shutterstock_481964947-300x100.jpg 300w, https:\/\/oxoma.eu\/wp-content\/uploads\/2022\/05\/shutterstock_481964947-768x256.jpg 768w, https:\/\/oxoma.eu\/wp-content\/uploads\/2022\/05\/shutterstock_481964947-1536x512.jpg 1536w, https:\/\/oxoma.eu\/wp-content\/uploads\/2022\/05\/shutterstock_481964947-2048x683.jpg 2048w\" sizes=\"(max-width: 1024px) 100vw, 1024px\" \/><\/figure>\n\n\n\n<figure class=\"wp-block-image size-large\"><img loading=\"lazy\" width=\"1024\" height=\"327\" src=\"https:\/\/oxoma.eu\/wp-content\/uploads\/2022\/05\/shutterstock_301627094-1024x327.jpg\" alt=\"\" class=\"wp-image-95\" srcset=\"https:\/\/oxoma.eu\/wp-content\/uploads\/2022\/05\/shutterstock_301627094-1024x327.jpg 1024w, https:\/\/oxoma.eu\/wp-content\/uploads\/2022\/05\/shutterstock_301627094-300x96.jpg 300w, https:\/\/oxoma.eu\/wp-content\/uploads\/2022\/05\/shutterstock_301627094-768x245.jpg 768w, https:\/\/oxoma.eu\/wp-content\/uploads\/2022\/05\/shutterstock_301627094-1536x490.jpg 1536w, https:\/\/oxoma.eu\/wp-content\/uploads\/2022\/05\/shutterstock_301627094-2048x653.jpg 2048w\" sizes=\"(max-width: 1024px) 100vw, 1024px\" \/><\/figure>\n\n\n\n<figure class=\"wp-block-image size-large\"><img loading=\"lazy\" width=\"1024\" height=\"341\" src=\"https:\/\/oxoma.eu\/wp-content\/uploads\/2022\/05\/shutterstock_1688477185-1024x341.jpg\" alt=\"\" class=\"wp-image-93\" srcset=\"https:\/\/oxoma.eu\/wp-content\/uploads\/2022\/05\/shutterstock_1688477185-1024x341.jpg 1024w, https:\/\/oxoma.eu\/wp-content\/uploads\/2022\/05\/shutterstock_1688477185-300x100.jpg 300w, https:\/\/oxoma.eu\/wp-content\/uploads\/2022\/05\/shutterstock_1688477185-768x256.jpg 768w, https:\/\/oxoma.eu\/wp-content\/uploads\/2022\/05\/shutterstock_1688477185-1536x512.jpg 1536w, https:\/\/oxoma.eu\/wp-content\/uploads\/2022\/05\/shutterstock_1688477185-2048x683.jpg 2048w\" sizes=\"(max-width: 1024px) 100vw, 1024px\" \/><\/figure>\n\n\n\n<figure class=\"wp-block-image size-large\"><img loading=\"lazy\" width=\"1024\" height=\"683\" src=\"https:\/\/oxoma.eu\/wp-content\/uploads\/2022\/05\/shutterstock_544577947-1024x683.jpg\" alt=\"\" class=\"wp-image-94\" srcset=\"https:\/\/oxoma.eu\/wp-content\/uploads\/2022\/05\/shutterstock_544577947-1024x683.jpg 1024w, https:\/\/oxoma.eu\/wp-content\/uploads\/2022\/05\/shutterstock_544577947-300x200.jpg 300w, https:\/\/oxoma.eu\/wp-content\/uploads\/2022\/05\/shutterstock_544577947-768x512.jpg 768w, https:\/\/oxoma.eu\/wp-content\/uploads\/2022\/05\/shutterstock_544577947-1536x1024.jpg 1536w, https:\/\/oxoma.eu\/wp-content\/uploads\/2022\/05\/shutterstock_544577947-2048x1365.jpg 2048w\" sizes=\"(max-width: 1024px) 100vw, 1024px\" \/><\/figure>\n\n\n\n<figure class=\"wp-block-image size-large\"><img loading=\"lazy\" width=\"2560\" height=\"1707\" src=\"https:\/\/oxoma.eu\/wp-content\/uploads\/2022\/05\/shutterstock_1552217381-scaled.jpg\" alt=\"\" class=\"wp-image-99\" srcset=\"https:\/\/oxoma.eu\/wp-content\/uploads\/2022\/05\/shutterstock_1552217381-scaled.jpg 2560w, https:\/\/oxoma.eu\/wp-content\/uploads\/2022\/05\/shutterstock_1552217381-300x200.jpg 300w, https:\/\/oxoma.eu\/wp-content\/uploads\/2022\/05\/shutterstock_1552217381-1024x683.jpg 1024w, https:\/\/oxoma.eu\/wp-content\/uploads\/2022\/05\/shutterstock_1552217381-768x512.jpg 768w, https:\/\/oxoma.eu\/wp-content\/uploads\/2022\/05\/shutterstock_1552217381-1536x1024.jpg 1536w\" sizes=\"(max-width: 2560px) 100vw, 2560px\" \/><\/figure>\n<\/figure>\n<\/div><\/div>\n\n\n\n<h2 class=\"has-text-align-center has-vivid-green-cyan-color has-text-color\" id=\"kontakt\">Kontakt<\/h2>\n\n\n\n<div class=\"wp-block-columns container\">\n<div class=\"wp-block-column\">\n<iframe src=\"https:\/\/www.google.com\/maps\/embed?pb=!1m18!1m12!1m3!1d2446.1417056059895!2d21.01443401579508!3d52.18629687975243!2m3!1f0!2f0!3f0!3m2!1i1024!2i768!4f13.1!3m3!1m2!1s0x471932d6ab5208f7%3A0x6268aec2b8a21bc5!2sKsawer%C3%B3w%2021%2C%2002-656%20Warszawa!5e0!3m2!1spl!2spl!4v1654000169729!5m2!1spl!2spl\" width=\"600\" height=\"450\" style=\"border:0;\" allowfullscreen=\"\" loading=\"lazy\" referrerpolicy=\"no-referrer-when-downgrade\"><\/iframe>\n<\/div>\n\n\n\n<div class=\"wp-block-column\">\n<p><\/p>\n\n\n\n<div class=\"wp-block-uagb-forms uagb-forms__outer-wrap uagb-block-65a86bb9 uagb-forms__medium-btn\"><form class=\"uagb-forms-main-form\" method=\"post\" name=\"uagb-form-65a86bb9\">\n<div class=\"wp-block-uagb-forms-name uagb-forms-name-wrap uagb-forms-field-set uagb-block-b1cfaf85\"><div class=\"uagb-forms-name-label required uagb-forms-input-label\" id=\"b1cfaf85\">Imi\u0119<\/div><input type=\"text\" placeholder=\"John\" required class=\"uagb-forms-name-input uagb-forms-input\" name=\"b1cfaf85\"\/><\/div>\n\n\n\n<div class=\"wp-block-uagb-forms-name uagb-forms-name-wrap uagb-forms-field-set uagb-block-930e2340\"><div class=\"uagb-forms-name-label required uagb-forms-input-label\" id=\"930e2340\">Nazwisko<\/div><input type=\"text\" placeholder=\"Doe\" required class=\"uagb-forms-name-input uagb-forms-input\" name=\"930e2340\"\/><\/div>\n\n\n\n<div class=\"wp-block-uagb-forms-email uagb-forms-email-wrap uagb-forms-field-set uagb-block-ec43c5ad\"><div class=\"uagb-forms-email-label  uagb-forms-input-label\" id=\"ec43c5ad\">Email<\/div><input type=\"email\" class=\"uagb-forms-email-input uagb-forms-input\" placeholder=\"example@mail.com\" name=\"ec43c5ad\"\/><\/div>\n\n\n\n<div class=\"wp-block-uagb-forms-textarea uagb-forms-textarea-wrap uagb-forms-field-set uagb-block-3c55573f\"><div class=\"uagb-forms-textarea-label required uagb-forms-input-label\" id=\"3c55573f\">Wiadomo\u015b\u0107<\/div><textarea required class=\"uagb-forms-textarea-input uagb-forms-input\" rows=\"4\" placeholder=\"Enter your message\" name=\"3c55573f\"><\/textarea><\/div>\n<div class=\"uagb-forms-form-hidden-data\"><input type=\"hidden\" class=\"uagb_forms_form_label\" value=\"UAG Form\"\/><input type=\"hidden\" class=\"uagb_forms_form_id\" value=\"uagb-form-65a86bb9\"\/><\/div><div class=\"uagb-forms-main-submit-button-wrap\"><button class=\"uagb-forms-main-submit-button\"><div class=\"uagb-forms-main-submit-button-text\">Wy\u015blij<\/div><\/button><\/div><\/form><div class=\"uagb-forms-success-message-65a86bb9 uagb-forms-submit-message-hide\"><span>Wiadomo\u015b\u0107 wys\u0142ana pomy\u015blnie.\n<\/span><\/div><div class=\"uagb-forms-failed-message-65a86bb9 uagb-forms-submit-message-hide\"><span>There has been some error while submitting the form. Please verify all form fields again.<\/span><\/div><\/div>\n<\/div>\n<\/div>\n\n\n\n<div style=\"height:50px\" aria-hidden=\"true\" class=\"wp-block-spacer\"><\/div>\n","protected":false},"excerpt":{"rendered":"<p>Nasza misja Zachwyceni kultur\u0105 towarzysk\u0105, podej\u015bciem do relaksu, filozofi\u0105 ,,slow\u201d zapragn\u0119li\u015bmy stworzy\u0107 produkty, kt\u00f3re pomog\u0105&nbsp;poczu\u0107 ten klimat i na nowo nauczy\u0107 si\u0119 w czasach p\u0119du i pogoni tego, co w \u017cyciu jest najwa\u017cniejsze: rodzina, przyjaciele, odpoczynek, wewn\u0119trzny spok\u00f3j. Tak w\u0142a\u015bnie powsta\u0142a OXOMA . Bazuj\u0105c na &nbsp;czterech filarach, czterech najwa\u017cniejszych fundamentach:&nbsp;blisko\u015b\u0107, szcz\u0119\u015bcie, natura i funkcjonalno\u015b\u0107.&nbsp; Blisko\u015b\u0107 [&hellip;]<\/p>\n","protected":false},"author":1,"featured_media":0,"parent":0,"menu_order":0,"comment_status":"closed","ping_status":"closed","template":"home-page.php","meta":{"advgb_blocks_editor_width":"","advgb_blocks_columns_visual_guide":""},"featured_image_urls":{"full":"","thumbnail":"","medium":"","medium_large":"","large":"","1536x1536":"","2048x2048":""},"post_excerpt_stackable":"<p>Nasza misja Zachwyceni kultur\u0105 towarzysk\u0105, podej\u015bciem do relaksu, filozofi\u0105 ,,slow\u201d zapragn\u0119li\u015bmy stworzy\u0107 produkty, kt\u00f3re pomog\u0105&nbsp;poczu\u0107 ten klimat i na nowo nauczy\u0107 si\u0119 w czasach p\u0119du i pogoni tego, co w \u017cyciu jest najwa\u017cniejsze: rodzina, przyjaciele, odpoczynek, wewn\u0119trzny spok\u00f3j. Tak w\u0142a\u015bnie powsta\u0142a OXOMA . Bazuj\u0105c na &nbsp;czterech filarach, czterech najwa\u017cniejszych fundamentach:&nbsp;blisko\u015b\u0107, szcz\u0119\u015bcie, natura i funkcjonalno\u015b\u0107.&nbsp; Blisko\u015b\u0107 Razem, wsp\u00f3lnie&nbsp;&#8211; te s\u0142owa coraz rzadziej wyst\u0119puj\u0105 w naszym potocznym s\u0142ownictwie. Zmieniamy spotkania w telefony, maile czy rozmowy na komunikatorach. Jednak przychodzi taki moment, kiedy zaczyna brakowa\u0107 innych ludzi &#8211; brak nam blisko\u015bci, towarzystwa. Chcemy to zmieni\u0107 razem z&nbsp;OXOMA Sprowokowa\u0107 do spotka\u0144, wsp\u00f3lnego sp\u0119dzania czasu.&hellip;<\/p>\n","category_list":"","author_info":{"name":"admin","url":"https:\/\/oxoma.eu\/index.php\/author\/admin\/"},"comments_num":"0 comments","coauthors":[],"author_meta":{"author_link":"https:\/\/oxoma.eu\/index.php\/author\/admin\/","display_name":"admin"},"relative_dates":{"created":"Posted 4 lata ago","modified":"Updated 4 lata ago"},"absolute_dates":{"created":"Posted on 13 kwietnia, 2022","modified":"Updated on 31 maja, 2022"},"absolute_dates_time":{"created":"Posted on 13 kwietnia, 2022 9:02 am","modified":"Updated on 31 maja, 2022 1:37 pm"},"featured_img_caption":"","featured_img":false,"uagb_featured_image_src":{"full":false,"thumbnail":false,"medium":false,"medium_large":false,"large":false,"1536x1536":false,"2048x2048":false},"uagb_author_info":{"display_name":"admin","author_link":"https:\/\/oxoma.eu\/index.php\/author\/admin\/"},"uagb_comment_info":0,"uagb_excerpt":"Nasza misja Zachwyceni kultur\u0105 towarzysk\u0105, podej\u015bciem do relaksu, filozofi\u0105 ,,slow\u201d zapragn\u0119li\u015bmy stworzy\u0107 produkty, kt\u00f3re pomog\u0105&nbsp;poczu\u0107 ten klimat i na nowo nauczy\u0107 si\u0119 w czasach p\u0119du i pogoni tego, co w \u017cyciu jest najwa\u017cniejsze: rodzina, przyjaciele, odpoczynek, wewn\u0119trzny spok\u00f3j. Tak w\u0142a\u015bnie powsta\u0142a OXOMA . Bazuj\u0105c na &nbsp;czterech filarach, czterech najwa\u017cniejszych fundamentach:&nbsp;blisko\u015b\u0107, szcz\u0119\u015bcie, natura i funkcjonalno\u015b\u0107.&nbsp; Blisko\u015b\u0107&hellip;","_links":{"self":[{"href":"https:\/\/oxoma.eu\/index.php\/wp-json\/wp\/v2\/pages\/8"}],"collection":[{"href":"https:\/\/oxoma.eu\/index.php\/wp-json\/wp\/v2\/pages"}],"about":[{"href":"https:\/\/oxoma.eu\/index.php\/wp-json\/wp\/v2\/types\/page"}],"author":[{"embeddable":true,"href":"https:\/\/oxoma.eu\/index.php\/wp-json\/wp\/v2\/users\/1"}],"replies":[{"embeddable":true,"href":"https:\/\/oxoma.eu\/index.php\/wp-json\/wp\/v2\/comments?post=8"}],"version-history":[{"count":84,"href":"https:\/\/oxoma.eu\/index.php\/wp-json\/wp\/v2\/pages\/8\/revisions"}],"predecessor-version":[{"id":193,"href":"https:\/\/oxoma.eu\/index.php\/wp-json\/wp\/v2\/pages\/8\/revisions\/193"}],"wp:attachment":[{"href":"https:\/\/oxoma.eu\/index.php\/wp-json\/wp\/v2\/media?parent=8"}],"curies":[{"name":"wp","href":"https:\/\/api.w.org\/{rel}","templated":true}]}}